{"id":2192,"date":"2025-09-06T20:47:13","date_gmt":"2025-09-06T12:47:13","guid":{"rendered":"https:\/\/mazagri.net\/agriproject\/?page_id=2192"},"modified":"2025-09-10T15:27:51","modified_gmt":"2025-09-10T07:27:51","slug":"schedule-a-meeting-silver-launch-partner","status":"publish","type":"page","link":"https:\/\/mazagri.net\/fr\/schedule-a-meeting-silver-launch-partner\/","title":{"rendered":"Schedule a Meeting- Silver Launch Partner"},"content":{"rendered":"<div data-elementor-type=\"wp-page\" data-elementor-id=\"2192\" class=\"elementor elementor-2192\" data-elementor-post-type=\"page\">\n\t\t\t\t<div class=\"elementor-element elementor-element-c1d27ea e-con-full e-flex e-con e-parent\" data-id=\"c1d27ea\" data-element_type=\"container\" data-e-type=\"container\" data-settings=\"{&quot;background_background&quot;:&quot;classic&quot;}\">\n\t\t\t\t<div class=\"elementor-element elementor-element-385201e elementor-widget__width-initial agrikon-transform transform-type-translate elementor-widget elementor-widget-heading\" data-id=\"385201e\" data-element_type=\"widget\" data-e-type=\"widget\" data-widget_type=\"heading.default\">\n\t\t\t\t<div class=\"elementor-widget-container\">\n\t\t\t\t\t<h1 class=\"elementor-heading-title elementor-size-default\">R\u00e9volutionner l'agriculture gr\u00e2ce \u00e0 l'IA<\/h1>\t\t\t\t<\/div>\n\t\t\t\t<\/div>\n\t\t\t\t<div class=\"elementor-element elementor-element-aa3894a elementor-widget__width-initial elementor-widget elementor-widget-text-editor\" data-id=\"aa3894a\" data-element_type=\"widget\" data-e-type=\"widget\" data-widget_type=\"text-editor.default\">\n\t\t\t\t<div class=\"elementor-widget-container\">\n\t\t\t\t\t\t\t\t\t<p>Fournir aux agriculteurs des outils intelligents pour une agriculture durable et rentable<\/p>\t\t\t\t\t\t\t\t<\/div>\n\t\t\t\t<\/div>\n\t\t\t\t<div class=\"elementor-element elementor-element-a8289c7 elementor-align-center elementor-widget__width-initial elementor-widget elementor-widget-button\" data-id=\"a8289c7\" data-element_type=\"widget\" data-e-type=\"widget\" data-widget_type=\"button.default\">\n\t\t\t\t<div class=\"elementor-widget-container\">\n\t\t\t\t\t\t\t\t\t<div class=\"elementor-button-wrapper\">\n\t\t\t\t\t<a class=\"elementor-button elementor-button-link elementor-size-sm\" href=\"https:\/\/mazagri.net\/fr\/sponsorship\/\">\n\t\t\t\t\t\t<span class=\"elementor-button-content-wrapper\">\n\t\t\t\t\t\t\t\t\t<span class=\"elementor-button-text\">Soutenir l'avenir de l'agriculture<\/span>\n\t\t\t\t\t<\/span>\n\t\t\t\t\t<\/a>\n\t\t\t\t<\/div>\n\t\t\t\t\t\t\t\t<\/div>\n\t\t\t\t<\/div>\n\t\t\t\t<\/div>\n\t\t<div class=\"elementor-element elementor-element-undefined-5f4e7b6 e-flex e-con-boxed e-con e-parent\" data-id=\"undefined-5f4e7b6\" data-element_type=\"container\" data-e-type=\"container\">\n\t\t\t\t\t<div class=\"e-con-inner\">\n\t\t<div class=\"elementor-element elementor-element-undefined-2324ca8 e-con-full e-flex e-con e-child\" data-id=\"undefined-2324ca8\" data-element_type=\"container\" data-e-type=\"container\">\n\t\t\t\t<div class=\"elementor-element elementor-element-undefined-71c1b81 agrikon-transform transform-type-translate elementor-widget elementor-widget-heading\" data-id=\"undefined-71c1b81\" data-element_type=\"widget\" data-e-type=\"widget\" data-widget_type=\"heading.default\">\n\t\t\t\t<div class=\"elementor-widget-container\">\n\t\t\t\t\t<h5 class=\"elementor-heading-title elementor-size-default\">Partner with Us<\/h5>\t\t\t\t<\/div>\n\t\t\t\t<\/div>\n\t\t\t\t<div class=\"elementor-element elementor-element-undefined-ffe9675 agrikon-transform transform-type-translate elementor-widget elementor-widget-heading\" data-id=\"undefined-ffe9675\" data-element_type=\"widget\" data-e-type=\"widget\" data-widget_type=\"heading.default\">\n\t\t\t\t<div class=\"elementor-widget-container\">\n\t\t\t\t\t<h2 class=\"elementor-heading-title elementor-size-default\">Ready to Become a <span style=\"color: #C0C0C0\">Argent<\/span> Launch Partner?<\/h2>\t\t\t\t<\/div>\n\t\t\t\t<\/div>\n\t\t\t\t<div class=\"elementor-element elementor-element-undefined-276de55 elementor-widget elementor-widget-text-editor\" data-id=\"undefined-276de55\" data-element_type=\"widget\" data-e-type=\"widget\" data-widget_type=\"text-editor.default\">\n\t\t\t\t<div class=\"elementor-widget-container\">\n\t\t\t\t\t\t\t\t\t<p>You&#8217;ve selected a powerful partnership tier. This meeting is the next step to making it official. We&#8217;ll use this time to discuss the onboarding process, align on our initial goals, and answer any final questions you may have.<\/p><p>Please select a time that works best for you below<\/p>\t\t\t\t\t\t\t\t<\/div>\n\t\t\t\t<\/div>\n\t\t\t\t<\/div>\n\t\t\t\t\t<\/div>\n\t\t\t\t<\/div>\n\t\t\t\t<\/div>","protected":false},"excerpt":{"rendered":"<p>Revolutionizing Agriculture with AI Empowering farmers with smart tools for sustainable and profitable farming Support the Future of Farming Partner with Us Ready to Become a Silver Launch Partner? You&#8217;ve selected a powerful partnership tier. This meeting is the next step to making it official. We&#8217;ll use this time to discuss the onboarding process, align&#8230;<\/p>","protected":false},"author":2,"featured_media":0,"parent":0,"menu_order":0,"comment_status":"closed","ping_status":"closed","template":"elementor_header_footer","meta":{"footnotes":""},"class_list":{"0":"post-2192","1":"page","2":"type-page","3":"status-publish","4":"hentry","5":"nt-post-class","6":"","8":"thumb-none","10":"excerpt-none"},"_links":{"self":[{"href":"https:\/\/mazagri.net\/fr\/wp-json\/wp\/v2\/pages\/2192","targetHints":{"allow":["GET"]}}],"collection":[{"href":"https:\/\/mazagri.net\/fr\/wp-json\/wp\/v2\/pages"}],"about":[{"href":"https:\/\/mazagri.net\/fr\/wp-json\/wp\/v2\/types\/page"}],"author":[{"embeddable":true,"href":"https:\/\/mazagri.net\/fr\/wp-json\/wp\/v2\/users\/2"}],"replies":[{"embeddable":true,"href":"https:\/\/mazagri.net\/fr\/wp-json\/wp\/v2\/comments?post=2192"}],"version-history":[{"count":0,"href":"https:\/\/mazagri.net\/fr\/wp-json\/wp\/v2\/pages\/2192\/revisions"}],"wp:attachment":[{"href":"https:\/\/mazagri.net\/fr\/wp-json\/wp\/v2\/media?parent=2192"}],"curies":[{"name":"wp","href":"https:\/\/api.w.org\/{rel}","templated":true}]}}