{"id":3774,"date":"2025-10-02T13:19:13","date_gmt":"2025-10-02T05:19:13","guid":{"rendered":"https:\/\/mazagri.net\/?page_id=3774"},"modified":"2025-10-02T13:20:21","modified_gmt":"2025-10-02T05:20:21","slug":"cookies","status":"publish","type":"page","link":"https:\/\/mazagri.net\/fr\/cookies\/","title":{"rendered":"Cookies"},"content":{"rendered":"<div id=\"model-response-message-contentr_6d965a89db4c315c\" class=\"markdown markdown-main-panel enable-updated-hr-color\" dir=\"ltr\">\n<h2><b>Politique relative aux cookies du groupe Mazagri (Mazagri.net)<\/b><\/h2>\n<p>&nbsp;<\/p>\n<p><b>Date d'entr\u00e9e en vigueur :<\/b> 26 octobre 2025<\/p>\n<p>1. Introduction<\/p>\n<p>Welcome to Mazagri Group (&#8220;we,&#8221; &#8220;our,&#8221; or &#8220;us&#8221;). This Cookie Policy explains how we use cookies and similar technologies (like pixel tags, web beacons, device identifiers) on our website, https:\/\/mazagri.net (the &#8220;Website&#8221;), and any associated services. It details what these technologies are, why we use them, and your rights to control our use of them.<\/p>\n<p>Nous nous engageons \u00e0 prot\u00e9ger votre vie priv\u00e9e et \u00e0 traiter vos donn\u00e9es personnelles de mani\u00e8re transparente et s\u00e9curis\u00e9e. Pour plus d'informations sur le traitement de vos donn\u00e9es personnelles, veuillez consulter notre Politique de confidentialit\u00e9.<\/p>\n<p>2. Que sont les cookies ?<\/p>\n<p>Les cookies sont de petits fichiers de donn\u00e9es enregistr\u00e9s sur votre ordinateur ou appareil mobile lorsque vous consultez un site web. Ils sont largement utilis\u00e9s par les propri\u00e9taires de sites web pour am\u00e9liorer le fonctionnement de leurs sites, ainsi que pour fournir des rapports d'activit\u00e9.<\/p>\n<p>Les cookies peuvent \u00eatre des cookies \u00ab persistants \u00bb ou \u00ab de session \u00bb.<\/p>\n<ul>\n<li><b>Cookies persistants<\/b> restent sur votre ordinateur personnel ou appareil mobile lorsque vous \u00eates hors ligne, jusqu'\u00e0 ce qu'ils expirent ou que vous les supprimiez.<\/li>\n<li><b>Cookies de session<\/b> sont supprim\u00e9s d\u00e8s que vous fermez votre navigateur Web.<\/li>\n<\/ul>\n<p>3. Autres technologies de suivi<\/p>\n<p>Nous pouvons \u00e9galement utiliser d'autres technologies similaires, telles que les balises web (\u00e9galement appel\u00e9es \u00ab pixels espions \u00bb ou \u00ab GIF invisibles \u00bb). Il s'agit de minuscules fichiers graphiques contenant un identifiant unique nous permettant de reconna\u00eetre une personne ayant visit\u00e9 notre site web ou ouvert un e-mail que nous lui avons envoy\u00e9. Cela nous permet, par exemple, de suivre le trafic des utilisateurs d'une page \u00e0 l'autre de notre site web, d'utiliser des cookies, de comprendre si vous \u00eates arriv\u00e9 sur notre site web \u00e0 partir d'une publicit\u00e9 en ligne affich\u00e9e sur un site web tiers et d'am\u00e9liorer les performances du site.<\/p>\n<p>4. Comment nous utilisons les cookies<\/p>\n<p>Nous utilisons des cookies propri\u00e9taires (que nous installons) et des cookies tiers (install\u00e9s par d'autres organisations) pour plusieurs raisons. Certains cookies sont n\u00e9cessaires au fonctionnement technique de notre site web et sont qualifi\u00e9s de \u00ab\u00a0strictement n\u00e9cessaires\u00a0\u00bb. D'autres cookies nous permettent de suivre et de cibler les centres d'int\u00e9r\u00eat de nos utilisateurs afin d'am\u00e9liorer leur exp\u00e9rience sur notre site web. Des tiers utilisent des cookies via notre site web \u00e0 des fins publicitaires, analytiques et autres.<\/p>\n<p>Les types sp\u00e9cifiques de cookies servis via notre site Web et les finalit\u00e9s qu'ils remplissent sont d\u00e9crits ci-dessous\u00a0:<\/p>\n<p><b>4.1. Cookies strictement n\u00e9cessaires (essentiels)<\/b><\/p>\n<ul>\n<li><b>But:<\/b> Ces cookies sont essentiels \u00e0 votre navigation sur le site web et \u00e0 l'utilisation de ses fonctionnalit\u00e9s, comme l'acc\u00e8s aux zones s\u00e9curis\u00e9es (par exemple, si vous poss\u00e9dez un compte Mazagri AI). Sans ces cookies, des services tels que la connexion, les paniers d'achat ou la facturation \u00e9lectronique ne peuvent \u00eatre fournis. Ils ne collectent aucune information vous concernant susceptible d'\u00eatre utilis\u00e9e \u00e0 des fins marketing ou pour m\u00e9moriser vos navigations sur Internet.<\/li>\n<li><b>Donn\u00e9es collect\u00e9es :<\/b> Identifiants de session g\u00e9n\u00e9ralement non identifiables, jetons de s\u00e9curit\u00e9.<\/li>\n<li><b>Consentement:<\/b> Ces cookies sont toujours actifs et ne n\u00e9cessitent pas votre consentement explicite car ils sont fondamentaux pour le fonctionnement du site Web.<\/li>\n<\/ul>\n<p><b>4.2. Cookies de performance et d'analyse<\/b><\/p>\n<ul>\n<li><b>But:<\/b> Ces cookies collectent des informations sur la fa\u00e7on dont les visiteurs utilisent notre site web, par exemple les pages les plus consult\u00e9es et les messages d'erreur \u00e9ventuels. Ils nous aident \u00e0 comprendre et \u00e0 am\u00e9liorer les performances de notre site web. Ces informations sont g\u00e9n\u00e9ralement agr\u00e9g\u00e9es et anonymis\u00e9es.<\/li>\n<li><b>Exemples:<\/b> Google Analytics, autres services d'analyse Web.<\/li>\n<li><b>Donn\u00e9es collect\u00e9es :<\/b> Adresse IP (souvent anonymis\u00e9e), type de navigateur, syst\u00e8me d'exploitation, pages visit\u00e9es, temps pass\u00e9 sur le site, URL de r\u00e9f\u00e9rence.<\/li>\n<li><b>Consentement:<\/b> Nous demandons votre consentement pour ces cookies.<\/li>\n<\/ul>\n<p><b>4.3. Cookies de fonctionnalit\u00e9<\/b><\/p>\n<ul>\n<li><b>But:<\/b> Ces cookies permettent \u00e0 notre site web de m\u00e9moriser vos choix (tels que votre nom d'utilisateur, votre langue ou votre r\u00e9gion) et de vous proposer des fonctionnalit\u00e9s am\u00e9lior\u00e9es et plus personnalis\u00e9es. Ils peuvent \u00e9galement \u00eatre utilis\u00e9s pour m\u00e9moriser les modifications que vous avez apport\u00e9es \u00e0 la taille du texte, aux polices et \u00e0 d'autres \u00e9l\u00e9ments personnalisables des pages web. Ils peuvent \u00e9galement \u00eatre utilis\u00e9s pour fournir les services que vous avez demand\u00e9s, comme regarder une vid\u00e9o ou commenter un blog.<\/li>\n<li><b>Donn\u00e9es collect\u00e9es :<\/b> Pr\u00e9f\u00e9rences utilisateur, r\u00e9gion, statut de connexion.<\/li>\n<li><b>Consentement:<\/b> Nous demandons votre consentement pour ces cookies.<\/li>\n<\/ul>\n<p><b>4.4. Cookies de ciblage et de publicit\u00e9<\/b><\/p>\n<ul>\n<li><b>But:<\/b> Ces cookies sont utilis\u00e9s pour diffuser des publicit\u00e9s plus pertinentes en fonction de vos centres d'int\u00e9r\u00eat. Ils servent \u00e9galement \u00e0 limiter le nombre de fois que vous voyez une publicit\u00e9 et \u00e0 mesurer l'efficacit\u00e9 d'une campagne publicitaire. Ils sont g\u00e9n\u00e9ralement plac\u00e9s par les r\u00e9seaux publicitaires avec l'autorisation de l'op\u00e9rateur du site web. Ils enregistrent votre visite sur un site web et ces informations sont partag\u00e9es avec d'autres organisations, telles que des annonceurs.<\/li>\n<li><b>Exemples:<\/b> Annonces Google, pixel Facebook, balise LinkedIn Insight.<\/li>\n<li><b>Donn\u00e9es collect\u00e9es :<\/b> Adresse IP, historique de navigation, identifiant utilisateur, identifiant appareil.<\/li>\n<li><b>Consentement:<\/b> Nous recherchons votre consentement explicite pour ces cookies.<\/li>\n<\/ul>\n<p><b>4.5. Cookies des r\u00e9seaux sociaux (le cas \u00e9ch\u00e9ant)<\/b><\/p>\n<ul>\n<li><b>But:<\/b> Ces cookies sont activ\u00e9s par les services de r\u00e9seaux sociaux que nous avons ajout\u00e9s au site web pour vous permettre de partager notre contenu avec vos amis et votre r\u00e9seau. Ils permettent de suivre votre navigation sur d'autres sites et de cr\u00e9er un profil selon vos centres d'int\u00e9r\u00eat. Cela peut avoir un impact sur le contenu et les messages affich\u00e9s sur les autres sites web que vous consultez.<\/li>\n<li><b>Exemples:<\/b> Boutons de partage ou flux int\u00e9gr\u00e9s Facebook, Twitter, LinkedIn.<\/li>\n<li><b>Donn\u00e9es collect\u00e9es :<\/b> Varie selon la plateforme de m\u00e9dias sociaux, mais peut inclure le comportement de navigation et les informations de profil des m\u00e9dias sociaux.<\/li>\n<li><b>Consentement:<\/b> Nous demandons votre consentement pour ces cookies.<\/li>\n<\/ul>\n<p>5. Comment contr\u00f4ler les cookies<\/p>\n<p>Vous avez le droit d'accepter ou de refuser les cookies. Vous pouvez exercer vos pr\u00e9f\u00e9rences en mati\u00e8re de cookies\u00a0:<\/p>\n<p>5.1. Utilisation de notre outil de consentement aux cookies (le cas \u00e9ch\u00e9ant)\u00a0:<\/p>\n<p>Lors de votre premi\u00e8re visite sur notre site web (ou p\u00e9riodiquement, conform\u00e9ment aux exigences l\u00e9gales), une banni\u00e8re de consentement aux cookies s'affichera. Cet outil vous permet d'accepter ou de refuser diff\u00e9rentes cat\u00e9gories de cookies (par exemple, analytiques, publicitaires) directement sur notre site web. Vous pouvez g\u00e9n\u00e9ralement modifier vos pr\u00e9f\u00e9rences \u00e0 tout moment en cliquant sur le lien \u00ab\u00a0Param\u00e8tres des cookies\u00a0\u00bb, souvent situ\u00e9 en pied de page de notre site web.<\/p>\n<p>5.2. Via les commandes de votre navigateur Web\u00a0:<\/p>\n<p>La plupart des navigateurs web vous permettent de g\u00e9rer les cookies via leurs param\u00e8tres. Ces param\u00e8tres se trouvent g\u00e9n\u00e9ralement dans le menu \u00ab\u00a0Options\u00a0\u00bb ou \u00ab\u00a0Pr\u00e9f\u00e9rences\u00a0\u00bb de votre navigateur.<\/p>\n<ul>\n<li><b>Supprimer les cookies :<\/b> Vous pouvez supprimer tous les cookies d\u00e9j\u00e0 pr\u00e9sents sur votre ordinateur en effa\u00e7ant l'historique de navigation de votre navigateur. Cela supprimera tous les cookies de tous les sites web que vous avez consult\u00e9s.<\/li>\n<li><b>Bloquer les cookies :<\/b> Vous pouvez configurer la plupart des navigateurs pour emp\u00eacher l'enregistrement de cookies sur votre appareil. Cependant, cette configuration pourrait vous obliger \u00e0 modifier manuellement certaines pr\u00e9f\u00e9rences \u00e0 chaque visite, et certains services et fonctionnalit\u00e9s pourraient ne pas fonctionner.<\/li>\n<\/ul>\n<p>Pour plus d'informations sur la gestion des cookies, vous pouvez consulter la page d'aide de votre navigateur sp\u00e9cifique :<\/p>\n<ul>\n<li><a class=\"ng-star-inserted\" href=\"https:\/\/support.google.com\/chrome\/answer\/95647?hl=en\" target=\"_blank\" rel=\"noopener\">Google Chrome<\/a><\/li>\n<li><a class=\"ng-star-inserted\" href=\"https:\/\/support.mozilla.org\/en-US\/kb\/enable-and-disable-cookies-website-preferences\" target=\"_blank\" rel=\"noopener\">Mozilla Firefox<\/a><\/li>\n<li><a class=\"ng-star-inserted\" href=\"https:\/\/www.google.com\/search?q=https:\/\/support.apple.com\/guide\/safari\/manage-cookies-and-website-data-sfri11471\/mac\" target=\"_blank\" rel=\"noopener\">Apple Safari<\/a><\/li>\n<li><a class=\"ng-star-inserted\" href=\"https:\/\/www.google.com\/search?q=https:\/\/support.microsoft.com\/en-us\/microsoft-edge\/delete-cookies-in-microsoft-edge-63947406-40ac-c3b8-57f1-7d2f44a50ec6\" target=\"_blank\" rel=\"noopener\">Microsoft Edge<\/a><\/li>\n<\/ul>\n<p>5.3. D\u00e9sactivation de la publicit\u00e9 cibl\u00e9e\u00a0:<\/p>\n<p>De nombreux r\u00e9seaux publicitaires vous permettent de vous d\u00e9sinscrire de la publicit\u00e9 cibl\u00e9e. Pour en savoir plus, consultez\u00a0:<\/p>\n<ul>\n<li><a class=\"ng-star-inserted\" href=\"http:\/\/www.aboutads.info\/choices\/\" target=\"_blank\" rel=\"noopener\">Alliance de la publicit\u00e9 num\u00e9rique (DAA)<\/a><\/li>\n<li><a class=\"ng-star-inserted\" href=\"http:\/\/optout.networkadvertising.org\/\" target=\"_blank\" rel=\"noopener\">Initiative de publicit\u00e9 en r\u00e9seau (NAI)<\/a><\/li>\n<li><a class=\"ng-star-inserted\" href=\"http:\/\/www.youronlinechoices.com\/\" target=\"_blank\" rel=\"noopener\">Alliance europ\u00e9enne pour la publicit\u00e9 num\u00e9rique interactive (EDAA)<\/a><\/li>\n<\/ul>\n<p>6. Modifications de notre politique en mati\u00e8re de cookies<\/p>\n<p>Nous sommes susceptibles de mettre \u00e0 jour cette Politique relative aux cookies de temps \u00e0 autre afin de refl\u00e9ter les changements apport\u00e9s aux cookies que nous utilisons ou pour d'autres raisons op\u00e9rationnelles, l\u00e9gales ou r\u00e9glementaires. Veuillez consulter r\u00e9guli\u00e8rement cette Politique relative aux cookies pour rester inform\u00e9 de notre utilisation des cookies et des technologies associ\u00e9es. La \u00ab\u00a0Date d'entr\u00e9e en vigueur\u00a0\u00bb en haut de cette Politique relative aux cookies indique la date de sa derni\u00e8re mise \u00e0 jour.<\/p>\n<p>7. Contactez-nous<\/p>\n<p>Si vous avez des questions sur notre utilisation des cookies ou d'autres technologies, veuillez nous envoyer un e-mail \u00e0 : support@mazagri.net.<\/p>\n<hr \/>\n<\/div>","protected":false},"excerpt":{"rendered":"<p>Cookie Policy for Mazagri Group (Mazagri.net) &nbsp; Effective Date: October 26, 2025 1. Introduction Welcome to Mazagri Group (&#8220;we,&#8221; &#8220;our,&#8221; or &#8220;us&#8221;). This Cookie Policy explains how we use cookies and similar technologies (like pixel tags, web beacons, device identifiers) on our website, https:\/\/mazagri.net (the &#8220;Website&#8221;), and any associated services. It details what these technologies&#8230;<\/p>","protected":false},"author":2,"featured_media":0,"parent":0,"menu_order":0,"comment_status":"closed","ping_status":"closed","template":"","meta":{"footnotes":""},"class_list":{"0":"post-3774","1":"page","2":"type-page","3":"status-publish","4":"hentry","5":"nt-post-class","6":"","8":"thumb-none","10":"excerpt-none"},"_links":{"self":[{"href":"https:\/\/mazagri.net\/fr\/wp-json\/wp\/v2\/pages\/3774","targetHints":{"allow":["GET"]}}],"collection":[{"href":"https:\/\/mazagri.net\/fr\/wp-json\/wp\/v2\/pages"}],"about":[{"href":"https:\/\/mazagri.net\/fr\/wp-json\/wp\/v2\/types\/page"}],"author":[{"embeddable":true,"href":"https:\/\/mazagri.net\/fr\/wp-json\/wp\/v2\/users\/2"}],"replies":[{"embeddable":true,"href":"https:\/\/mazagri.net\/fr\/wp-json\/wp\/v2\/comments?post=3774"}],"version-history":[{"count":4,"href":"https:\/\/mazagri.net\/fr\/wp-json\/wp\/v2\/pages\/3774\/revisions"}],"predecessor-version":[{"id":3778,"href":"https:\/\/mazagri.net\/fr\/wp-json\/wp\/v2\/pages\/3774\/revisions\/3778"}],"wp:attachment":[{"href":"https:\/\/mazagri.net\/fr\/wp-json\/wp\/v2\/media?parent=3774"}],"curies":[{"name":"wp","href":"https:\/\/api.w.org\/{rel}","templated":true}]}}